{"id":1962,"date":"2019-04-11T03:47:48","date_gmt":"2019-04-11T10:47:48","guid":{"rendered":"https:\/\/lawnjh.com\/inicio\/"},"modified":"2025-01-16T14:42:55","modified_gmt":"2025-01-16T22:42:55","slug":"inicio","status":"publish","type":"page","link":"https:\/\/lawnjh.com\/es\/","title":{"rendered":"Inicio"},"content":{"rendered":"\n<h3>\n\t\tDespacho de abogados de\n\t<\/h3>\n<h1>\n\t\tNorman J. Homen\n\t<\/h1>\n\tComprometidos a servir a nuestros clientes, las Oficinas Legales de Norman J Homen,<br \/>\nAPC se especializan en la incapacidad del Seguro Social, Compensaci\u00f3n al Trabajador, Defensa Penal, y Testamentos y Fideicomisos.\n\t\t\t<a href=\"https:\/\/lawnjh.com\/es\/contacta-con-nosotros\/\" target=\"_self\">\n\t\t\t\t\t\t\tCONSULTA GRATUITA\n\t\t\t\t\t<\/a>\n<h2>\n\t\t\u00c1rea de pr\u00e1ctica\n\t<\/h2>\n\t\t\t\t<a href=\"https:\/\/lawnjh.com\/es\/accidentes-de-trabajo\/\"  target=\"_self\" itemprop=\"url\">\n\t\t\t\t<img decoding=\"async\" src=\"https:\/\/lawnjh.com\/wp-content\/uploads\/2019\/04\/workers-comp-icon.png\" alt=\"workers-comp-icon\" itemprop=\"image\" height=\"80\" width=\"80\" title=\"workers-comp-icon\" onerror=\"this.style.display='none'\"  \/>\n\t\t\t\t<\/a>\n<h3><a href=\"https:\/\/lawnjh.com\/es\/accidentes-de-trabajo\/\" target=\"_self\">Accidentes de trabajo<\/a><\/h3><p>En las Oficinas Legales de Norman J. Homen nuestro objetivo es proporcionar a los clientes lesionados y discapacitados con los mejores resultados en un tiempo oportuno.<\/p>\n\t\t\t<a href=\"https:\/\/lawnjh.com\/es\/accidentes-de-trabajo\/\" target=\"_self\">\n\t\t\t\t\t\t\tSeguir leyendo\n\t\t\t\t\t<\/a>\n\t\t\t\t<a href=\"https:\/\/lawnjh.com\/es\/incapacidad-de-la-seguridad-social\/\"  target=\"_self\" itemprop=\"url\">\n\t\t\t\t<img decoding=\"async\" src=\"https:\/\/lawnjh.com\/wp-content\/uploads\/2019\/04\/immigration-icon.png\" alt=\"immigration-icon\" itemprop=\"image\" height=\"80\" width=\"80\" title=\"immigration-icon\" onerror=\"this.style.display='none'\"  \/>\n\t\t\t\t<\/a>\n<h3><a href=\"https:\/\/lawnjh.com\/es\/incapacidad-de-la-seguridad-social\/\" target=\"_self\">Incapacidad de la Seguridad Social<\/a><\/h3><p>En las Oficinas Legales de Norman J. Homen nuestro objetivo es proporcionar a los clientes lesionados con los mejores resultados de una manera oportuna y rentable.<\/p>\n\t\t\t<a href=\"https:\/\/lawnjh.com\/es\/incapacidad-de-la-seguridad-social\/\" target=\"_self\">\n\t\t\t\t\t\t\tSeguir leyendo\n\t\t\t\t\t<\/a>\n\t\t\t\t<a href=\"https:\/\/lawnjh.com\/es\/otros-ambitos-juridicos\/defensa-penal\/\"  target=\"_self\" itemprop=\"url\">\n\t\t\t\t<img decoding=\"async\" src=\"https:\/\/lawnjh.com\/wp-content\/uploads\/2019\/04\/criminal-defense-icon.png\" alt=\"criminal-defense-icon\" itemprop=\"image\" height=\"80\" width=\"80\" title=\"criminal-defense-icon\" onerror=\"this.style.display='none'\"  \/>\n\t\t\t\t<\/a>\n<h3><a href=\"https:\/\/lawnjh.com\/es\/otros-ambitos-juridicos\/defensa-penal\/\" target=\"_self\">Defensa Penal<\/a><\/h3><p>Las condenas penales en California dejan una marca grave en el historial personal de un individuo.<\/p>\n\t\t\t<a href=\"https:\/\/lawnjh.com\/es\/otros-ambitos-juridicos\/defensa-penal\/\" target=\"_self\">\n\t\t\t\t\t\t\tSeguir leyendo\n\t\t\t\t\t<\/a>\n\t\t\t\t<a href=\"https:\/\/lawnjh.com\/es\/otros-ambitos-juridicos\/derecho-laboral\/\"  target=\"_self\" itemprop=\"url\">\n\t\t\t\t<img decoding=\"async\" src=\"https:\/\/lawnjh.com\/wp-content\/uploads\/2019\/04\/employment-law-icon.png\" alt=\"employment-law-icon\" itemprop=\"image\" height=\"80\" width=\"80\" title=\"employment-law-icon\" onerror=\"this.style.display='none'\"  \/>\n\t\t\t\t<\/a>\n<h3><a href=\"https:\/\/lawnjh.com\/es\/otros-ambitos-juridicos\/derecho-laboral\/\" target=\"_self\">Derecho laboral<\/a><\/h3><p>En Las Oficinas Legales de Norman J. Homen nuestro objetivo es proporcionar a nuestros clientes los mejores resultados de una manera oportuna y rentable.<\/p>\n\t\t\t<a href=\"https:\/\/lawnjh.com\/es\/otros-ambitos-juridicos\/derecho-laboral\/\" target=\"_self\">\n\t\t\t\t\t\t\tSeguir leyendo\n\t\t\t\t\t<\/a>\n\t\t\t\t<a href=\"https:\/\/lawnjh.com\/es\/otros-ambitos-juridicos\/danos-corporales\/\"  target=\"_self\" itemprop=\"url\">\n\t\t\t\t<img decoding=\"async\" src=\"https:\/\/lawnjh.com\/wp-content\/uploads\/2019\/04\/personal-injury-icon.png\" alt=\"personal-injury-icon\" itemprop=\"image\" height=\"80\" width=\"80\" title=\"personal-injury-icon\" onerror=\"this.style.display='none'\"  \/>\n\t\t\t\t<\/a>\n<h3><a href=\"https:\/\/lawnjh.com\/es\/otros-ambitos-juridicos\/danos-corporales\/\" target=\"_self\">Da\u00f1os corporales<\/a><\/h3><p>En las Oficinas Legales de Norman J. Homen nuestro objetivo es proporcionar a los clientes lesionados con los mejores resultados de una manera oportuna y rentable.<\/p>\n\t\t\t<a href=\"https:\/\/lawnjh.com\/es\/otros-ambitos-juridicos\/danos-corporales\/\" target=\"_self\">\n\t\t\t\t\t\t\tSeguir leyendo\n\t\t\t\t\t<\/a>\n\t\u279e\n<h2><a href=\"https:\/\/lawnjh.com\/es\/contacta-con-nosotros\/\">Solicite una consulta HOY<\/a><\/h2>\n\t\t\t\t<img decoding=\"async\" src=\"https:\/\/lawnjh.com\/wp-content\/uploads\/2019\/04\/norman-j-homen-289x300.png\" alt=\"norman-j-homen\" itemprop=\"image\" height=\"300\" width=\"289\" title=\"norman-j-homen\" onerror=\"this.style.display='none'\"  \/>\n<h3>\n\t\tbienvenido a\n\t<\/h3>\n<h2>\n\t\tAbogado Norman J. Homen\n\t<\/h2>\n\t<p>Mi bufete es una pr\u00e1ctica civil general en Garden Grove, California. He servido en el Estado de California desde 1988, manejando Incapacidad del Seguro Social, Ley de Compensaci\u00f3n de Trabajadores, Derecho Penal, Lesiones Personales y asuntos de Derecho Laboral.<\/p>\n<p>En las Oficinas Legales de Norman J. Homen nuestro objetivo es proporcionar a los clientes lesionados con los mejores resultados de una manera oportuna y rentable. Durante m\u00e1s de 30 a\u00f1os, nuestro destacado equipo de litigios se ha mantenido dedicado a los derechos y el bienestar de los lesionados y discapacitados en todo el sur de California; en los condados de Los \u00c1ngeles, Orange County, Riverside County y San Bernardino County.<\/p>\n\t\t\t<a href=\"https:\/\/lawnjh.com\/es\/acerca-de\/\" target=\"_self\">\n\t\t\t\t\t\t\tLEER M\u00c1S\n\t\t\t\t\t<\/a>\n<h1>\n\t\tAbogado litigante del sur de California\n\t<\/h1>\n\t\t\t\t<img decoding=\"async\" src=\"https:\/\/lawnjh.com\/wp-content\/uploads\/2019\/04\/trial-attorney-img01-new.jpg\" alt=\"trial-attorney-img01-new\" itemprop=\"image\" height=\"450\" width=\"650\" title=\"trial-attorney-img01-new\" onerror=\"this.style.display='none'\"  \/>\n<h3>Obtenga la asistencia jur\u00eddica que necesita<\/h3><p>Si usted necesita un abogado de la Seguridad Social, abogado de lesiones personales, abogado de defensa criminal, abogado de compensaci\u00f3n de trabajadores o cualquier otro servicio legal, usted necesita un bufete de abogados en el \u00e1rea metropolitana de Los \u00c1ngeles, incluyendo las \u00e1reas de Garden Grove y El Monte, CA, usted puede contar. En las Oficinas Legales de Norman J. Homen, estamos listos para ayudarle a trabajar a trav\u00e9s de una amplia variedad de asuntos legales, si usted necesita un abogado para una apelaci\u00f3n de incapacidad del Seguro Social o un abogado de defensa criminal para que pueda seguir adelante con su vida. Si bien nos especializamos en el funcionamiento como abogados de lesiones de compensaci\u00f3n de trabajadores y abogados de lesiones personales, tambi\u00e9n somos capaces de litigar casos en una serie de otras \u00e1reas para asegurar que nuestros clientes obtengan la representaci\u00f3n que se merecen.<\/p>\n\t\t\t\t<img decoding=\"async\" src=\"https:\/\/lawnjh.com\/wp-content\/uploads\/2019\/04\/trial-attorney-img02-new.jpg\" alt=\"trial-attorney-img02-new\" itemprop=\"image\" height=\"450\" width=\"650\" title=\"trial-attorney-img02-new\" onerror=\"this.style.display='none'\"  \/>\n<h3>Ayuda a heridos y discapacitados<\/h3><p>Como abogado de Incapacidad del Seguro Social, abogado de lesiones personales y abogado de compensaci\u00f3n de trabajadores, estamos listos para ayudarle a luchar por el dinero que se merece debido a su lesi\u00f3n u otra discapacidad sirviendo como sus abogados de beneficios de incapacidad del Seguro Social. Queremos asegurarnos de que cada cliente tiene la representaci\u00f3n que necesitan y es representado vigorosamente cuando contratan a un abogado para su apelaci\u00f3n de incapacidad del Seguro Social. La mayor\u00eda de la gente desconoce cu\u00e1l es la mejor manera de enfocar su caso, por lo que tiene sentido contratar a un bufete repleto de abogados de la Seguridad Social especializados en este tipo de casos. Nuestro equipo ofrece una gama completa de servicios legales a la mayor \u00e1rea de Los \u00c1ngeles, especialmente en las \u00e1reas de Garden Grove y El Monte, y nuestro equipo de abogados dedicados y apasionados est\u00e1n listos para ayudarle a navegar su caso y tomar las mejores decisiones posibles.<\/p>\n<h2>\n\t\tAsistencia en otros asuntos jur\u00eddicos\n\t<\/h2>\n\tTambi\u00e9n podemos ayudarle en otras \u00e1reas del derecho para asegurarnos de que recibe la ayuda legal que necesita para obtener el mejor resultado posible.<br \/>\nTambi\u00e9n podemos ayudarle a litigar casos en las siguientes \u00e1reas:\n\t\t\t\t<img decoding=\"async\" src=\"https:\/\/lawnjh.com\/wp-content\/uploads\/2019\/04\/legal-issues-img03-new.jpg\" alt=\"legal-issues-img03-new\" itemprop=\"image\" height=\"450\" width=\"600\" title=\"legal-issues-img03-new\" onerror=\"this.style.display='none'\"  \/>\n<h3>Abogado especializado en planificaci\u00f3n patrimonial<\/h3><p>Planificar cuidadosamente su patrimonio es importante para que su familia est\u00e9 bien atendida tras su fallecimiento.<\/p>\n\t\t\t<a href=\"\" target=\"_self\">\n\t\t\t\t\t\t\tSeguir leyendo\n\t\t\t\t\t<\/a>\n\t\t\t\t<img decoding=\"async\" src=\"https:\/\/lawnjh.com\/wp-content\/uploads\/2019\/04\/legal-issues-img02-new.jpg\" alt=\"legal-issues-img02-new\" itemprop=\"image\" height=\"450\" width=\"600\" title=\"legal-issues-img02-new\" onerror=\"this.style.display='none'\"  \/>\n<h3>Abogado laboralista<\/h3><p>En Las Oficinas Legales de Norman J. Homen nuestro objetivo es proporcionar a nuestros clientes los mejores resultados de una manera oportuna y rentable.<\/p>\n\t\t\t<a href=\"\" target=\"_self\">\n\t\t\t\t\t\t\tSeguir leyendo\n\t\t\t\t\t<\/a>\n\t\t\t\t<img decoding=\"async\" src=\"https:\/\/lawnjh.com\/wp-content\/uploads\/2019\/04\/legal-issues-img01-new.jpg\" alt=\"legal-issues-img01-new\" itemprop=\"image\" height=\"450\" width=\"600\" title=\"legal-issues-img01-new\" onerror=\"this.style.display='none'\"  \/>\n<h3>Abogado especializado en testamentos y fideicomisos<\/h3><p>Planificar cuidadosamente su patrimonio es importante para que su familia est\u00e9 bien atendida tras su fallecimiento.<\/p>\n\t\t\t<a href=\"\" target=\"_self\">\n\t\t\t\t\t\t\tSeguir leyendo\n\t\t\t\t\t<\/a>\n\t\t\t\t<img decoding=\"async\" src=\"https:\/\/lawnjh.com\/wp-content\/uploads\/2019\/04\/dont-do-it-alone-new.png\" alt=\"dont-do-it-alone-new\" itemprop=\"image\" height=\"482\" width=\"451\" title=\"dont-do-it-alone-new\" onerror=\"this.style.display='none'\"  \/>\n<h2>\n\t\tNo lo haga solo\n\t<\/h2>\n\t<p>Muchas personas se encuentran a diario con que necesitan asesoramiento jur\u00eddico de calidad y no saben a qui\u00e9n acudir. Cuando usted decide ponerse en contacto con nuestra oficina, usted puede contar con que se le asignar\u00e1 un abogado especializado que puede ayudarle a navegar su caso, lo que significa que usted no tiene que tratar de encontrar su camino a trav\u00e9s del sistema legal por su cuenta. Usted encontrar\u00e1 que nuestra empresa tiene una amplia variedad de especialistas bajo un mismo techo, incluyendo abogados de compensaci\u00f3n de trabajadores, abogados de planificaci\u00f3n de patrimonio, abogados de derecho laboral, defensa criminal, y mucho m\u00e1s.<\/p>\n<p>El primer paso que debe dar si desea contratar nuestros servicios es concertar una cita. Esto nos permite discutir los detalles espec\u00edficos de su caso y determinar cu\u00e1l puede ser el siguiente paso l\u00f3gico. Adem\u00e1s de los servicios anteriores, tambi\u00e9n encontrar\u00e1 un abogado de la Seguridad Social, un abogado de lesiones personales, un abogado de defensa criminal y abogados de testamentos y fideicomisos. Estamos aqu\u00ed para guiarle a lo largo de todo el proceso y darle acceso a los recursos de la comunidad. Si tiene preguntas, incluso despu\u00e9s de que se haya cerrado su caso, estamos aqu\u00ed para usted. Tambi\u00e9n podemos ayudarle con Medicare en las \u00e1reas de Anaheim, Buena Park, Fountain Valley, Santa Ana, Westminster, Orange y Stanton.<\/p>\n<h2>\n\t\tP\u00f3ngase en contacto con nosotros para una consulta gratuita\n\t<\/h2>\n<h2>\n\t\t  (866) 383-4529\n\t<\/h2>\n<h4>\n\t\tHablamos espa\u00f1ol  <br \/>Ch\u00fang T\u00f4i N\u00f3i Ti\u1ebfng Vi\u1ec7t\n\t<\/h4>\n\t\t\t\t<img decoding=\"async\" src=\"https:\/\/lawnjh.com\/wp-content\/uploads\/2019\/04\/schedule-your-appointment-new.jpg\" alt=\"schedule-your-appointment-new\" itemprop=\"image\" height=\"357\" width=\"547\" title=\"schedule-your-appointment-new\" onerror=\"this.style.display='none'\"  \/>\n<h2>\n\t\tPrograme su  <br \/>  Cita previa hoy\n\t<\/h2>\n\t<p>Entendemos lo tedioso que puede ser enfrentarse a sus problemas legales por su cuenta. Por eso le animamos a que concierte una cita con nuestro personal lo antes posible. Durante su cita, discutiremos lo que usted espera de su caso, as\u00ed como todos los detalles para que pueda sentirse seguro de que obtendr\u00e1 el mejor resultado posible para su caso. Nos sentimos muy orgullosos de tratar a cada uno de nuestros clientes con el respeto y la atenci\u00f3n que se merecen. Nuestro personal le tratar\u00e1 con delicadeza, ayud\u00e1ndole a orientarse en la direcci\u00f3n correcta. Si creemos que no va a ganar su caso, puede contar con nuestra sincera opini\u00f3n para asegurarnos de que no pierde el tiempo.<\/p>\n<p>P\u00f3ngase en contacto con nosotros hoy mismo para concertar su primera cita. Servimos a clientes en todo el Anaheim, Buena Park, Fountain Valley, Santa Ana, Westminster, Orange, y las \u00e1reas de Stanton.<\/p>\n\t\t\t\t<img decoding=\"async\" src=\"https:\/\/lawnjh.com\/wp-content\/uploads\/2020\/06\/nosscr-logo-1.png\" alt=\"nosscr-logo\" itemprop=\"image\" height=\"200\" width=\"347\" title=\"nosscr-logo\" onerror=\"this.style.display='none'\"  \/>\n\t\t\t\t<img decoding=\"async\" src=\"https:\/\/lawnjh.com\/wp-content\/uploads\/2020\/06\/caaa-v2.png\" alt=\"caaa-v2\" itemprop=\"image\" height=\"278\" width=\"350\" title=\"caaa-v2\" onerror=\"this.style.display='none'\"  \/>\n\t\t\t\t<img decoding=\"async\" src=\"https:\/\/lawnjh.com\/wp-content\/uploads\/2020\/06\/800lod.png\" alt=\"800lod\" itemprop=\"image\" height=\"364\" width=\"400\" title=\"800lod\" onerror=\"this.style.display='none'\"  \/>\n\t\t\t\t<img decoding=\"async\" src=\"https:\/\/lawnjh.com\/wp-content\/uploads\/2020\/06\/CAALA-Attorney.png\" alt=\"CAALA-Attorney\" itemprop=\"image\" height=\"299\" width=\"400\" title=\"CAALA-Attorney\" onerror=\"this.style.display='none'\"  \/>\n\t\t\t\t<img decoding=\"async\" src=\"https:\/\/lawnjh.com\/wp-content\/uploads\/2020\/06\/ocba.png\" alt=\"ocba\" itemprop=\"image\" height=\"93\" width=\"400\" title=\"ocba\" onerror=\"this.style.display='none'\"  \/>\n\n","protected":false},"excerpt":{"rendered":"<p>Despacho de abogados de Norman J. Homen Comprometidos a servir a nuestros clientes, las Oficinas Legales de Norman J Homen, APC se especializan en la incapacidad del Seguro Social, Compensaci\u00f3n al Trabajador, Defensa Penal, y Testamentos y Fideicomisos. CONSULTA GRATUITA \u00c1rea de pr\u00e1ctica Accidentes de trabajo En las Oficinas Legales de Norman J. Homen nuestro&hellip;<\/p>\n","protected":false},"author":2,"featured_media":0,"parent":0,"menu_order":0,"comment_status":"closed","ping_status":"closed","template":"","meta":{"footnotes":""},"class_list":["post-1962","page","type-page","status-publish","hentry"],"_links":{"self":[{"href":"https:\/\/lawnjh.com\/es\/wp-json\/wp\/v2\/pages\/1962","targetHints":{"allow":["GET"]}}],"collection":[{"href":"https:\/\/lawnjh.com\/es\/wp-json\/wp\/v2\/pages"}],"about":[{"href":"https:\/\/lawnjh.com\/es\/wp-json\/wp\/v2\/types\/page"}],"author":[{"embeddable":true,"href":"https:\/\/lawnjh.com\/es\/wp-json\/wp\/v2\/users\/2"}],"replies":[{"embeddable":true,"href":"https:\/\/lawnjh.com\/es\/wp-json\/wp\/v2\/comments?post=1962"}],"version-history":[{"count":0,"href":"https:\/\/lawnjh.com\/es\/wp-json\/wp\/v2\/pages\/1962\/revisions"}],"wp:attachment":[{"href":"https:\/\/lawnjh.com\/es\/wp-json\/wp\/v2\/media?parent=1962"}],"curies":[{"name":"wp","href":"https:\/\/api.w.org\/{rel}","templated":true}]}}