{"id":2518,"date":"2024-12-27T05:25:54","date_gmt":"2024-12-27T13:25:54","guid":{"rendered":"https:\/\/lawnjh.com\/abogado-de-compensacion-laboral-en-los-alamitos\/"},"modified":"2025-10-16T19:45:47","modified_gmt":"2025-10-17T02:45:47","slug":"abogado-de-compensacion-laboral-en-los-alamitos","status":"publish","type":"page","link":"https:\/\/lawnjh.com\/es\/abogado-de-compensacion-laboral-en-los-alamitos\/","title":{"rendered":"Abogado de Compensaci\u00f3n Laboral en Los Alamitos"},"content":{"rendered":"\n\n\t<p>Injuries happen on the job, and when they do, <a href=\"https:\/\/www.dir.ca.gov\/dwc\/laws_regulations.htm\" target=\"_blank\" rel=\"noopener\">workers&#8217; compensation laws<\/a> in California entitle you to coverage for your medical bills and lost earnings related to your injury or illness. There can be hiccups in the process, however, and many people greatly benefit from legal assistance with their claims.<\/p>\n<p>If you have been injured or become ill due to a work-related injury or condition, reaching out to a Stanton workers&#8217; compensation as soon as possible can help you achieve the best possible outcome of your claim.<\/p>\n<h2>Common Work-Related Injuries<\/h2>\n<p>There are a number of common workplace injuries and illnesses that result from a variety of situations, including:<\/p>\n<ul>\n<li>Burns<\/li>\n<li>Lacerations<\/li>\n<li>Amputations or crush injuries<\/li>\n<li><a href=\"https:\/\/medlineplus.gov\/fractures.html#:~:text=A%20fracture%20is%20a%20break,cause%20weakening%20of%20the%20bones.\" target=\"_blank\" rel=\"noopener\">Bone fractures or breaks<\/a><\/li>\n<li>Spinal cord injury<\/li>\n<li>Repetitive strain injuries<\/li>\n<li>Loss of vision or hearing<\/li>\n<li>Illness from chemical or toxic exposure<\/li>\n<li>Back injuries<\/li>\n<li>Soft tissue damage and tears<\/li>\n<li><a href=\"https:\/\/www.cdc.gov\/traumaticbraininjury\/index.html\" target=\"_blank\" rel=\"noopener\">Concussion and traumatic brain injury <\/a><\/li>\n<\/ul>\n<h2>An Overview of the California Workers&#8217; Compensation Program<\/h2>\n<p>In California, the worker&#8217;s compensation program is managed by the <a href=\"https:\/\/www.dir.ca.gov\/dwc\/\" target=\"_blank\" rel=\"noopener\">CA Division of Workers&#8217; Compensation<\/a>. This is a no-fault system that establishes three very important protections for the California worker, namely:<\/p>\n<ol>\n<li>Employers must carry workers&#8217; compensation coverage, which guarantees you benefits for workplace illnesses and injuries, regardless of which party was at fault for the accident or condition that caused the injury or illness.<\/li>\n<li>You are entitled to receive benefits for injuries or illness due to work-related conditions, but that also often means you have given up your right to file a lawsuit against your employer for negligence. You give up this right in exchange for the certainty of no-fault benefits from workers&#8217; compensation insurance.<\/li>\n<li>If a third-party unrelated to your employer was negligent and caused your injury, you may still maintain the right to file a lawsuit against that third party.<\/li>\n<\/ol>\n<p>Knowing all of your rights in a given situation can be complicated, and it can be helpful to discuss your situation with a workers&#8217; comp attorney right after your diagnosis.<\/p>\n<h2>What Benefits Can You Seek in Stanton?<\/h2>\n<p>Workers&#8217; compensation provides California employees with two main categories of benefits: wage replacement if you cannot work and medical treatment required for the illness or injury. After you suffer a condition, your employer&#8217;s workers&#8217; compensation insurer should provide coverage for the costs of all the medical care you need related to the work-related illness or injury. This coverage includes:<\/p>\n<ul>\n<li>Emergency medical care<\/li>\n<li>Hospitalization for the injury or illness<\/li>\n<li>Appointments with your doctor and necessary specialists<\/li>\n<li>Surgery due to the condition<\/li>\n<li>Any rehabilitative therapy and treatment necessary<\/li>\n<li>Medication and any needed medical equipment<\/li>\n<li>As necessary, home medical care services<\/li>\n<\/ul>\n<p>In addition to medical costs, workers&#8217; comp should also provide disability benefits if you cannot work and earn income. The options available to provide compensation for your disability can include:<\/p>\n<ul>\n<li>Temporary partial disability<\/li>\n<li>Temporary total disability<\/li>\n<li>Permanent partial disability<\/li>\n<li>Permanent total disability<\/li>\n<\/ul>\n<p>The benefits you can receive will vary based on the severity of your injury, the extent of medical treatment needed, and whether you were unable to work for any period of time.<\/p>\n<h2>How to File Your Workers&#8217; Compensation Claim<\/h2>\n<p>Workers&#8217; compensation benefits do not begin automatically after your illness or injury. To receive your benefits, you must first properly complete the claim process. This requires that you complete the required form and then submit it to your employer. The form has a portion your employer must also complete after your submission. It must be submitted in person if you are able to, or otherwise best submitted through certified mail. It is important that you keep track of when your employer received the form, as the date of receipt controls certain timelines of your benefits.<\/p>\n<p>Once your employer has your form, they complete their portion and then submit it to the insurance company. Once the insurance company has received the form from your employer, an adjuster will review your claim and make an initial determination as to whether you are entitled to benefits &#8211; and if so, how much you will receive.\u00a0 Sometimes, benefits are received quickly with little difficulty, while in other situations, injured workers can encounter ongoing delays or even the outright denial of the claim.<\/p>\n<h2>There are Many Issues You Might Encounter with Your Claim<\/h2>\n<p>Insurance companies work for profit &#8211; not for injured workers who are supposed to have coverage. Workers&#8217; comp insurance companies can maximize their profits by collecting the most revenue in premiums possible from employers while paying out the least in claims possible. This keeps insurance income high and costs low, but can have a serious impact on insured claimants.<\/p>\n<p>Before your claim can be approved, the insurance company carefully combs it over with their teams of trained investigators and insurance professionals. When you decide to handle your own claim, you might not know what the insurance company is looking for in order to grant your benefits.<\/p>\n<p>There are many issues that workers&#8217; compensation insurance companies might state to reduce your payment or deny your claim, including:<\/p>\n<ul>\n<li>Inaccurate or incomplete application paperwork<\/li>\n<li>Attributing your illness or injury to a pre-existing condition<\/li>\n<li>Claiming that your injury is not work-related<\/li>\n<li>Questioning how severe your injury is and asking you to visit their own doctor for an evaluation<\/li>\n<\/ul>\n<p>With a workers&#8217; compensation attorney on your side from the start, you have an experienced advocate making sure that your claim is processed as quickly and completely as possible. Your lawyer steps into your shoes and handles all negotiations with the insurance company, so you can focus on your physical recovery. If your initial claim was denied, a workers&#8217; compensation attorney can file your appeal through the necessary channels.<\/p>\n<h2>Reach Out to a Stanton Workers&#8217; Compensation Lawyer Now<\/h2>\n<p>Workers&#8217; compensation claims can be difficult, and there are many places where your application can go wrong. Receiving your benefits as soon as possible, with the full amount you are entitled to, will help your recovery from your work-related injury or illness. The best way to ensure that your claim and your rights are protected is by <a href=\"https:\/\/lawnjh.com\/es\/contacta-con-nosotros\/\">reaching out<\/a> to a Stanton workers&#8217; compensation attorney today.<\/p>\n\t\t<h3><a href=\"https:\/\/lawnjh.com\/es\/contacta-con-nosotros\/\" target=\"_self\">INJURED AT WORK?<br \/>CONTACT US TODAY<\/a><\/h3><p><a href=\"tel:714-750-6000\">(714) 750-6000<\/a><\/p>\n\t\t\t<a href=\"https:\/\/lawnjh.com\/es\/contacta-con-nosotros\/\" target=\"_self\">\n\t\t\t\t\t\t\tGet A Free Consultation\n\t\t\t\t\t<\/a>\n<h3>\n\t\tOther Areas We Serve\n\t<\/h3>\n\t<h3>Testimonials<\/h3>\n<p><img decoding=\"async\" src=\"https:\/\/lawnjh.com\/wp-content\/uploads\/2024\/12\/star-rating-300x75.png\" alt=\"\" width=\"196\" height=\"49\" \/><\/p>\n<p><em>Norman J. Homen and Moises Aguirre are very professional. They helped win my case. They communicated very well with me and were very helpful to me. I would recommend this team for your case.<\/em><\/p>\n<p>-Joe Prada<\/p>\n<hr \/>\n<p><em><img decoding=\"async\" src=\"https:\/\/lawnjh.com\/wp-content\/uploads\/2024\/12\/star-rating-300x75.png\" alt=\"\" width=\"196\" height=\"49\" \/><\/em><\/p>\n<p><em>We had a good experience with this office . They worked with us and kept us informed with what we needed to know and how process works . My husband had been trying to get approved since 2021 on our own but kept getting denied . Very thankful to this team he finally got awarded!<\/em><\/p>\n<p>-Lupe<\/p>\n<hr \/>\n<p><em><img decoding=\"async\" src=\"https:\/\/lawnjh.com\/wp-content\/uploads\/2024\/12\/star-rating-300x75.png\" alt=\"\" width=\"196\" height=\"49\" \/><\/em><\/p>\n<p><em>I am grateful for all of the great people at Law Offices of Norman J. Homen. They won my case and I definitely recommend them. I am Spanish speaking so with the help of Moises Aguirre, I was able to communicate clearly during the whole appeal process and answered any questions I had. Thank you!<\/em><\/p>\n<p>-Graciela Villeda<\/p>\n<hr \/>\n<p>&nbsp;<\/p>\n<h2>\n\t\tContact Us For Your Free Consultation!\n\t<\/h2>\n<h2>\n\t\t (866) 383-4529\n\t<\/h2>\n<h4>\n\t\tHablamos Espa\u00f1ol  <br \/>Ch\u00fang T\u00f4i N\u00f3i Ti\u1ebfng Vi\u1ec7t\n\t<\/h4>\n\t\t\t\t<img decoding=\"async\" src=\"https:\/\/lawnjh.com\/wp-content\/uploads\/2020\/06\/nosscr-logo-1.png\" alt=\"nosscr-logo\" itemprop=\"image\" height=\"200\" width=\"347\" title=\"nosscr-logo\" onerror=\"this.style.display='none'\"  \/>\n\t\t\t\t<img decoding=\"async\" src=\"https:\/\/lawnjh.com\/wp-content\/uploads\/2020\/06\/caaa-v2.png\" alt=\"caaa-v2\" itemprop=\"image\" height=\"278\" width=\"350\" title=\"caaa-v2\" onerror=\"this.style.display='none'\"  \/>\n\t\t\t\t<img decoding=\"async\" src=\"https:\/\/lawnjh.com\/wp-content\/uploads\/2020\/06\/800lod.png\" alt=\"800lod\" itemprop=\"image\" height=\"364\" width=\"400\" title=\"800lod\" onerror=\"this.style.display='none'\"  \/>\n\t\t\t\t<img decoding=\"async\" src=\"https:\/\/lawnjh.com\/wp-content\/uploads\/2020\/06\/CAALA-Attorney.png\" alt=\"CAALA-Attorney\" itemprop=\"image\" height=\"299\" width=\"400\" title=\"CAALA-Attorney\" onerror=\"this.style.display='none'\"  \/>\n\t\t\t\t<img decoding=\"async\" src=\"https:\/\/lawnjh.com\/wp-content\/uploads\/2020\/06\/ocba.png\" alt=\"ocba\" itemprop=\"image\" height=\"93\" width=\"400\" title=\"ocba\" onerror=\"this.style.display='none'\"  \/>\n\n","protected":false},"excerpt":{"rendered":"<p>Injuries happen on the job, and when they do, workers&#8217; compensation laws in California entitle you to coverage for your medical bills and lost earnings related to your injury or illness. There can be hiccups in the process, however, and many people greatly benefit from legal assistance with their claims. If you have been injured&hellip;<\/p>\n","protected":false},"author":2,"featured_media":0,"parent":0,"menu_order":0,"comment_status":"closed","ping_status":"closed","template":"","meta":{"footnotes":""},"class_list":["post-2518","page","type-page","status-publish","hentry"],"_links":{"self":[{"href":"https:\/\/lawnjh.com\/es\/wp-json\/wp\/v2\/pages\/2518","targetHints":{"allow":["GET"]}}],"collection":[{"href":"https:\/\/lawnjh.com\/es\/wp-json\/wp\/v2\/pages"}],"about":[{"href":"https:\/\/lawnjh.com\/es\/wp-json\/wp\/v2\/types\/page"}],"author":[{"embeddable":true,"href":"https:\/\/lawnjh.com\/es\/wp-json\/wp\/v2\/users\/2"}],"replies":[{"embeddable":true,"href":"https:\/\/lawnjh.com\/es\/wp-json\/wp\/v2\/comments?post=2518"}],"version-history":[{"count":0,"href":"https:\/\/lawnjh.com\/es\/wp-json\/wp\/v2\/pages\/2518\/revisions"}],"wp:attachment":[{"href":"https:\/\/lawnjh.com\/es\/wp-json\/wp\/v2\/media?parent=2518"}],"curies":[{"name":"wp","href":"https:\/\/api.w.org\/{rel}","templated":true}]}}