{"id":3416,"date":"2019-04-11T05:19:11","date_gmt":"2019-04-11T12:19:11","guid":{"rendered":"https:\/\/lawnjh.com\/cac-linh-vuc-phap-luat-khac\/thuong-tich-ca-nhan\/"},"modified":"2019-04-11T05:19:11","modified_gmt":"2019-04-11T12:19:11","slug":"thuong-tich-ca-nhan","status":"publish","type":"page","link":"https:\/\/lawnjh.com\/vi\/cac-linh-vuc-phap-luat-khac\/thuong-tich-ca-nhan\/","title":{"rendered":"Th\u01b0\u01a1ng t\u00edch c\u00e1 nh\u00e2n"},"content":{"rendered":"","protected":false},"excerpt":{"rendered":"","protected":false},"author":2,"featured_media":0,"parent":3357,"menu_order":0,"comment_status":"closed","ping_status":"closed","template":"","meta":{"footnotes":""},"class_list":["post-3416","page","type-page","status-publish","hentry"],"_links":{"self":[{"href":"https:\/\/lawnjh.com\/vi\/wp-json\/wp\/v2\/pages\/3416","targetHints":{"allow":["GET"]}}],"collection":[{"href":"https:\/\/lawnjh.com\/vi\/wp-json\/wp\/v2\/pages"}],"about":[{"href":"https:\/\/lawnjh.com\/vi\/wp-json\/wp\/v2\/types\/page"}],"author":[{"embeddable":true,"href":"https:\/\/lawnjh.com\/vi\/wp-json\/wp\/v2\/users\/2"}],"replies":[{"embeddable":true,"href":"https:\/\/lawnjh.com\/vi\/wp-json\/wp\/v2\/comments?post=3416"}],"version-history":[{"count":0,"href":"https:\/\/lawnjh.com\/vi\/wp-json\/wp\/v2\/pages\/3416\/revisions"}],"up":[{"embeddable":true,"href":"https:\/\/lawnjh.com\/vi\/wp-json\/wp\/v2\/pages\/3357"}],"wp:attachment":[{"href":"https:\/\/lawnjh.com\/vi\/wp-json\/wp\/v2\/media?parent=3416"}],"curies":[{"name":"wp","href":"https:\/\/api.w.org\/{rel}","templated":true}]}}