{"id":4829,"date":"2026-02-18T12:18:51","date_gmt":"2026-02-18T20:18:51","guid":{"rendered":"https:\/\/lawnjh.com\/danh-gia-y-kien-khach-hang\/"},"modified":"2026-02-18T12:18:51","modified_gmt":"2026-02-18T20:18:51","slug":"danh-gia-y-kien-khach-hang","status":"publish","type":"page","link":"https:\/\/lawnjh.com\/vi\/danh-gia-y-kien-khach-hang\/","title":{"rendered":"\u0110\u00e1nh gi\u00e1 &amp; \u00dd ki\u1ebfn kh\u00e1ch h\u00e0ng"},"content":{"rendered":"","protected":false},"excerpt":{"rendered":"","protected":false},"author":1,"featured_media":0,"parent":0,"menu_order":0,"comment_status":"closed","ping_status":"closed","template":"","meta":{"footnotes":""},"class_list":["post-4829","page","type-page","status-publish","hentry"],"_links":{"self":[{"href":"https:\/\/lawnjh.com\/vi\/wp-json\/wp\/v2\/pages\/4829","targetHints":{"allow":["GET"]}}],"collection":[{"href":"https:\/\/lawnjh.com\/vi\/wp-json\/wp\/v2\/pages"}],"about":[{"href":"https:\/\/lawnjh.com\/vi\/wp-json\/wp\/v2\/types\/page"}],"author":[{"embeddable":true,"href":"https:\/\/lawnjh.com\/vi\/wp-json\/wp\/v2\/users\/1"}],"replies":[{"embeddable":true,"href":"https:\/\/lawnjh.com\/vi\/wp-json\/wp\/v2\/comments?post=4829"}],"version-history":[{"count":0,"href":"https:\/\/lawnjh.com\/vi\/wp-json\/wp\/v2\/pages\/4829\/revisions"}],"wp:attachment":[{"href":"https:\/\/lawnjh.com\/vi\/wp-json\/wp\/v2\/media?parent=4829"}],"curies":[{"name":"wp","href":"https:\/\/api.w.org\/{rel}","templated":true}]}}